{"id":5420,"date":"2024-07-04T15:47:52","date_gmt":"2024-07-04T13:47:52","guid":{"rendered":"https:\/\/tpfsrl.com\/?page_id=5420"},"modified":"2024-07-04T16:16:22","modified_gmt":"2024-07-04T14:16:22","slug":"politique-de-qualite","status":"publish","type":"page","link":"https:\/\/tpfsrl.com\/fr\/politique-de-qualite\/","title":{"rendered":"Politique de Qualit\u00e9"},"content":{"rendered":"<p><div class=\"fusion-fullwidth fullwidth-box fusion-builder-row-1 fusion-flex-container has-pattern-background has-mask-background nonhundred-percent-fullwidth non-hundred-percent-height-scrolling\" style=\"--awb-border-radius-top-left:0px;--awb-border-radius-top-right:0px;--awb-border-radius-bottom-right:0px;--awb-border-radius-bottom-left:0px;--awb-padding-bottom:40px;--awb-flex-wrap:wrap;\" ><div class=\"fusion-builder-row fusion-row fusion-flex-align-items-flex-start fusion-flex-justify-content-center fusion-flex-content-wrap\" style=\"max-width:1248px;margin-left: calc(-4% \/ 2 );margin-right: calc(-4% \/ 2 );\"><div class=\"fusion-layout-column fusion_builder_column fusion-builder-column-0 fusion_builder_column_3_4 3_4 fusion-flex-column\" style=\"--awb-bg-size:cover;--awb-width-large:75%;--awb-margin-top-large:0px;--awb-spacing-right-large:0px;--awb-margin-bottom-large:0px;--awb-spacing-left-large:0px;--awb-width-medium:50%;--awb-order-medium:0;--awb-spacing-right-medium:0px;--awb-spacing-left-medium:0px;--awb-width-small:100%;--awb-order-small:0;--awb-spacing-right-small:0px;--awb-spacing-left-small:0px;\" data-scroll-devices=\"medium-visibility,large-visibility\"><div class=\"fusion-column-wrapper fusion-column-has-shadow fusion-flex-justify-content-flex-start fusion-content-layout-column\"><div class=\"fusion-text fusion-text-1 fusion-text-no-margin\" style=\"--awb-content-alignment:center;--awb-letter-spacing:3px;--awb-text-transform:uppercase;--awb-text-color:hsla(var(--awb-color5-h),var(--awb-color5-s),calc(var(--awb-color5-l) + 20%),var(--awb-color5-a));--awb-margin-bottom:0px;\"><p>Qualit\u00e9<\/p>\n<\/div><div class=\"fusion-title title fusion-title-1 fusion-sep-none fusion-title-center fusion-title-text fusion-title-size-two\" style=\"--awb-margin-top:0px;\"><h2 class=\"fusion-title-heading title-heading-center\" style=\"margin:0;\">Politique de Qualit\u00e9<\/h2><\/div><div class=\"fusion-title title fusion-title-2 fusion-sep-none fusion-title-center fusion-title-text fusion-title-size-five\" style=\"--awb-margin-top:0px;\"><h5 class=\"fusion-title-heading title-heading-center\" style=\"margin:0;\">Annexe 2 du MDQ | Mis \u00e0 jour le: 30-06-2022<\/h5><\/div><div class=\"fusion-text fusion-text-2\" style=\"--awb-content-alignment:left;\"><p>T.P.F. S.r.l. est consciente des difficult\u00e9s et des opportunit\u00e9s que le march\u00e9 impose et que pour faire face \u00e0 une situation complexe comme celle d&rsquo;aujourd&rsquo;hui, il est n\u00e9cessaire d&rsquo;organiser et de contr\u00f4ler les processus avec pr\u00e9cision.<\/p>\n<p>Le processus de prise de d\u00e9cision est bas\u00e9 sur la collecte d&rsquo;informations, leur analyse et l&rsquo;\u00e9laboration de sc\u00e9narios d&rsquo;\u00e9volution, afin de planifier la strat\u00e9gie de l&rsquo;entreprise. T.P.F. S.r.l. consid\u00e8re donc qu&rsquo;il est fondamental de disposer d&rsquo;un syst\u00e8me organisationnel qui lui permette d&rsquo;harmoniser et de contr\u00f4ler ses processus et la collecte des informations qui en d\u00e9coulent. Ces informations sont g\u00e9r\u00e9es au moyen de syst\u00e8mes informatiques qui permettent de les stocker et de les traiter \u00e0 des fins d&rsquo;am\u00e9lioration.<\/p>\n<p>Un syst\u00e8me de gestion est maintenu en conformit\u00e9 avec les normes internationales ISO 9001:2015, ce qui permet une plus grande efficacit\u00e9 interne et une meilleure pr\u00e9disposition \u00e0 satisfaire les besoins et les attentes des clients. Sur le plan op\u00e9rationnel, la Qualit\u00e9 des r\u00e9alisations est garantie par l&rsquo;utilisation de technologies et de mat\u00e9riaux de construction de pointe.<\/p>\n<p>T.P.F. S.R.L. croit fermement qu&rsquo;une d\u00e9finition et une distribution pr\u00e9cises des responsabilit\u00e9s \u00e0 tous les niveaux de l&rsquo;entreprise et une utilisation correcte des ressources (personnel, technologie, infrastructures, moyens financiers, connaissances et m\u00e9thodologies) permettent de contr\u00f4ler correctement les processus de l&rsquo;entreprise.<\/p>\n<p>T.P.F. poursuit des objectifs tels que:<\/p>\n<ul>\n<li>L&rsquo;ordre et la propret\u00e9 de l&rsquo;environnement de travail<\/li>\n<li>Le bien-\u00eatre de l&#8217;employ\u00e9<\/li>\n<li>Un niveau d&rsquo;\u00e9quipement ad\u00e9quat en fonction du type de production<\/li>\n<\/ul>\n<p>Les efforts d&rsquo;am\u00e9lioration continue visent \u00e0 renforcer l&rsquo;image de T.P.F. afin de s&rsquo;imposer sur un march\u00e9 en constante \u00e9volution. L&rsquo;analyse des r\u00e9sultats est l&rsquo;outil fondamental pour analyser les processus et poursuivre la strat\u00e9gie d&rsquo;am\u00e9lioration continue de l&rsquo;entreprise.<\/p>\n<p>L&rsquo;objectif principal de T.P.F. S.r.l. est de poursuivre l&rsquo;am\u00e9lioration continue et <strong>la satisfaction du client<\/strong> en <strong>contr\u00f4lant et en g\u00e9rant la croissance de l&rsquo;entreprise<\/strong>. L&rsquo;objectif de qualit\u00e9 est poursuivi en pleine int\u00e9gration avec les fournisseurs, car la qualit\u00e9 des fournitures est un \u00e9l\u00e9ment d\u00e9cisif de la qualit\u00e9 de l&rsquo;entreprise. Dans cette optique, la Direction \u00e9tablit des objectifs \u00e0 court et moyen terme qui sont connus et partag\u00e9s \u00e0 tous les niveaux de l&rsquo;organisation.<\/p>\n<\/div><div style=\"text-align:center;\"><a class=\"fusion-button button-flat fusion-button-default-size button-default fusion-button-default button-1 fusion-button-default-span fusion-button-default-type\" style=\"--button_margin-top:20px;\" target=\"_self\" href=\"https:\/\/tpfsrl.com\/wp-content\/uploads\/2024\/07\/Politica-della-Qualita.pdf\"><span class=\"fusion-button-text awb-button__text awb-button__text--default\">Politique de Qualit\u00e9<\/span><\/a><\/div><\/div><\/div><\/div><\/div><div id=\"certificazioni\" class=\"fusion-container-anchor\"><div class=\"fusion-fullwidth fullwidth-box fusion-builder-row-2 fusion-flex-container has-pattern-background has-mask-background nonhundred-percent-fullwidth non-hundred-percent-height-scrolling\" style=\"--awb-border-radius-top-left:0px;--awb-border-radius-top-right:0px;--awb-border-radius-bottom-right:0px;--awb-border-radius-bottom-left:0px;--awb-padding-top:120px;--awb-padding-bottom:60px;--awb-margin-bottom:60px;--awb-background-color:#f7f7f7;--awb-flex-wrap:wrap;\" ><div class=\"fusion-builder-row fusion-row fusion-flex-align-items-flex-start fusion-flex-justify-content-center fusion-flex-content-wrap\" style=\"max-width:1248px;margin-left: calc(-4% \/ 2 );margin-right: calc(-4% \/ 2 );\"><div class=\"fusion-layout-column fusion_builder_column fusion-builder-column-1 fusion_builder_column_3_4 3_4 fusion-flex-column\" style=\"--awb-bg-size:cover;--awb-width-large:75%;--awb-margin-top-large:0px;--awb-spacing-right-large:0px;--awb-margin-bottom-large:0px;--awb-spacing-left-large:0px;--awb-width-medium:75%;--awb-order-medium:0;--awb-spacing-right-medium:0px;--awb-spacing-left-medium:0px;--awb-width-small:100%;--awb-order-small:0;--awb-spacing-right-small:1.92%;--awb-spacing-left-small:1.92%;\" data-scroll-devices=\"small-visibility,medium-visibility,large-visibility\"><div class=\"fusion-column-wrapper fusion-column-has-shadow fusion-flex-justify-content-flex-start fusion-content-layout-column\"><div class=\"fusion-text fusion-text-3 fusion-text-no-margin\" style=\"--awb-content-alignment:center;--awb-letter-spacing:3px;--awb-text-transform:uppercase;--awb-text-color:hsla(var(--awb-color5-h),var(--awb-color5-s),calc(var(--awb-color5-l) + 20%),var(--awb-color5-a));--awb-margin-bottom:0px;\"><p>GARANTIES DE QUALIT\u00c9<\/p>\n<\/div><div class=\"fusion-title title fusion-title-3 fusion-sep-none fusion-title-center fusion-title-text fusion-title-size-two\" style=\"--awb-margin-top:0px;--awb-margin-bottom:0px;\"><h2 class=\"fusion-title-heading title-heading-center\" style=\"margin:0;\">Certifications<\/h2><\/div><div class=\"fusion-text fusion-text-4\" style=\"--awb-content-alignment:center;\"><p>Le syst\u00e8me de gestion de la qualit\u00e9 de notre entreprise est certifi\u00e9 conform\u00e9ment \u00e0 la norme UNI En. ISO 9001 et \u00e0 la norme UNI EN ISO 14001:2015.<\/p>\n<\/div><\/div><\/div><div class=\"fusion-layout-column fusion_builder_column fusion-builder-column-2 fusion_builder_column_1_1 1_1 fusion-flex-column\" style=\"--awb-bg-size:cover;--awb-width-large:100%;--awb-margin-top-large:0px;--awb-spacing-right-large:0px;--awb-margin-bottom-large:0px;--awb-spacing-left-large:0px;--awb-width-medium:100%;--awb-order-medium:0;--awb-spacing-right-medium:0px;--awb-spacing-left-medium:0px;--awb-width-small:100%;--awb-order-small:0;--awb-spacing-right-small:1.92%;--awb-spacing-left-small:1.92%;\" data-scroll-devices=\"small-visibility,medium-visibility,large-visibility\"><div class=\"fusion-column-wrapper fusion-column-has-shadow fusion-flex-justify-content-center fusion-content-layout-row fusion-flex-align-items-center\"><div class=\"fusion-image-element \" style=\"text-align:left;--awb-margin-top:20px;--awb-margin-right:20px;--awb-margin-bottom:20px;--awb-margin-left:20px;--awb-max-width:120px;--awb-caption-title-font-family:var(--h2_typography-font-family);--awb-caption-title-font-weight:var(--h2_typography-font-weight);--awb-caption-title-font-style:var(--h2_typography-font-style);--awb-caption-title-size:var(--h2_typography-font-size);--awb-caption-title-transform:var(--h2_typography-text-transform);--awb-caption-title-line-height:var(--h2_typography-line-height);--awb-caption-title-letter-spacing:var(--h2_typography-letter-spacing);\"><span class=\" fusion-imageframe imageframe-none imageframe-1 hover-type-none\"><img decoding=\"async\" width=\"500\" height=\"500\" title=\"ISO 14001-02\" src=\"https:\/\/tpfsrl.com\/wp-content\/uploads\/2024\/04\/ISO-14001-02.png\" alt class=\"img-responsive wp-image-4995\" srcset=\"https:\/\/tpfsrl.com\/wp-content\/uploads\/2024\/04\/ISO-14001-02-200x200.png 200w, https:\/\/tpfsrl.com\/wp-content\/uploads\/2024\/04\/ISO-14001-02-400x400.png 400w, https:\/\/tpfsrl.com\/wp-content\/uploads\/2024\/04\/ISO-14001-02.png 500w\" sizes=\"(max-width: 800px) 100vw, 500px\" \/><\/span><\/div><div class=\"fusion-image-element \" style=\"text-align:right;--awb-margin-top:20px;--awb-margin-right:20px;--awb-margin-bottom:20px;--awb-margin-left:20px;--awb-max-width:120px;--awb-caption-title-font-family:var(--h2_typography-font-family);--awb-caption-title-font-weight:var(--h2_typography-font-weight);--awb-caption-title-font-style:var(--h2_typography-font-style);--awb-caption-title-size:var(--h2_typography-font-size);--awb-caption-title-transform:var(--h2_typography-text-transform);--awb-caption-title-line-height:var(--h2_typography-line-height);--awb-caption-title-letter-spacing:var(--h2_typography-letter-spacing);\"><span class=\" fusion-imageframe imageframe-none imageframe-2 hover-type-none\"><a class=\"fusion-no-lightbox\" href=\"https:\/\/tpfsrl.com\/wp-content\/uploads\/2024\/07\/Certificate-IT329930_T.P.F.-S.R.L-ISO-9001-REV1.pdf\" target=\"_self\" aria-label=\"ISO 9001\"><img decoding=\"async\" width=\"500\" height=\"500\" src=\"https:\/\/tpfsrl.com\/wp-content\/uploads\/2024\/04\/ISO-9001.png\" alt class=\"img-responsive wp-image-4996\" srcset=\"https:\/\/tpfsrl.com\/wp-content\/uploads\/2024\/04\/ISO-9001-200x200.png 200w, https:\/\/tpfsrl.com\/wp-content\/uploads\/2024\/04\/ISO-9001-400x400.png 400w, https:\/\/tpfsrl.com\/wp-content\/uploads\/2024\/04\/ISO-9001.png 500w\" sizes=\"(max-width: 800px) 100vw, 500px\" \/><\/a><\/span><\/div><\/div><\/div><\/div><\/div><\/div><\/p>\n","protected":false},"excerpt":{"rendered":"","protected":false},"author":1,"featured_media":4856,"parent":0,"menu_order":0,"comment_status":"closed","ping_status":"closed","template":"100-width.php","meta":{"_acf_changed":false,"footnotes":""},"class_list":["post-5420","page","type-page","status-publish","has-post-thumbnail","hentry"],"acf":[],"yoast_head":"<!-- This site is optimized with the Yoast SEO plugin v27.2 - https:\/\/yoast.com\/product\/yoast-seo-wordpress\/ -->\n<title>Politique de Qualit\u00e9 - T.P.F. srl<\/title>\n<meta name=\"description\" content=\"Scopri T.P.F. specialisti in strutture modulari personalizzate e lavorazioni meccaniche di precisione, qualit\u00e0 certificata ISO 9001 e 14001\" \/>\n<meta name=\"robots\" content=\"index, follow, max-snippet:-1, max-image-preview:large, max-video-preview:-1\" \/>\n<link rel=\"canonical\" href=\"https:\/\/tpfsrl.com\/fr\/politique-de-qualite\/\" \/>\n<meta property=\"og:locale\" content=\"fr_FR\" \/>\n<meta property=\"og:type\" content=\"article\" \/>\n<meta property=\"og:title\" content=\"Politique de Qualit\u00e9 - T.P.F. srl\" \/>\n<meta property=\"og:description\" content=\"Scopri T.P.F. specialisti in strutture modulari personalizzate e lavorazioni meccaniche di precisione, qualit\u00e0 certificata ISO 9001 e 14001\" \/>\n<meta property=\"og:url\" content=\"https:\/\/tpfsrl.com\/fr\/politique-de-qualite\/\" \/>\n<meta property=\"og:site_name\" content=\"T.P.F. srl\" \/>\n<meta property=\"article:publisher\" content=\"https:\/\/www.facebook.com\/profile.php?id=61558559935378\" \/>\n<meta property=\"article:modified_time\" content=\"2024-07-04T14:16:22+00:00\" \/>\n<meta property=\"og:image\" content=\"https:\/\/tpfsrl.com\/wp-content\/uploads\/2024\/04\/Azienda-TPF.jpg\" \/>\n\t<meta property=\"og:image:width\" content=\"1920\" \/>\n\t<meta property=\"og:image:height\" content=\"1080\" \/>\n\t<meta property=\"og:image:type\" content=\"image\/jpeg\" \/>\n<meta name=\"twitter:card\" content=\"summary_large_image\" \/>\n<meta name=\"twitter:label1\" content=\"Dur\u00e9e de lecture estim\u00e9e\" \/>\n\t<meta name=\"twitter:data1\" content=\"3 minutes\" \/>\n<script type=\"application\/ld+json\" class=\"yoast-schema-graph\">{\"@context\":\"https:\/\/schema.org\",\"@graph\":[{\"@type\":\"WebPage\",\"@id\":\"https:\/\/tpfsrl.com\/fr\/politique-de-qualite\/\",\"url\":\"https:\/\/tpfsrl.com\/fr\/politique-de-qualite\/\",\"name\":\"Politique de Qualit\u00e9 - T.P.F. srl\",\"isPartOf\":{\"@id\":\"https:\/\/tpfsrl.com\/fr\/#website\"},\"primaryImageOfPage\":{\"@id\":\"https:\/\/tpfsrl.com\/fr\/politique-de-qualite\/#primaryimage\"},\"image\":{\"@id\":\"https:\/\/tpfsrl.com\/fr\/politique-de-qualite\/#primaryimage\"},\"thumbnailUrl\":\"https:\/\/tpfsrl.com\/wp-content\/uploads\/2024\/04\/Azienda-TPF.jpg\",\"datePublished\":\"2024-07-04T13:47:52+00:00\",\"dateModified\":\"2024-07-04T14:16:22+00:00\",\"description\":\"Scopri T.P.F. specialisti in strutture modulari personalizzate e lavorazioni meccaniche di precisione, qualit\u00e0 certificata ISO 9001 e 14001\",\"breadcrumb\":{\"@id\":\"https:\/\/tpfsrl.com\/fr\/politique-de-qualite\/#breadcrumb\"},\"inLanguage\":\"fr-FR\",\"potentialAction\":[{\"@type\":\"ReadAction\",\"target\":[\"https:\/\/tpfsrl.com\/fr\/politique-de-qualite\/\"]}]},{\"@type\":\"ImageObject\",\"inLanguage\":\"fr-FR\",\"@id\":\"https:\/\/tpfsrl.com\/fr\/politique-de-qualite\/#primaryimage\",\"url\":\"https:\/\/tpfsrl.com\/wp-content\/uploads\/2024\/04\/Azienda-TPF.jpg\",\"contentUrl\":\"https:\/\/tpfsrl.com\/wp-content\/uploads\/2024\/04\/Azienda-TPF.jpg\",\"width\":1920,\"height\":1080},{\"@type\":\"BreadcrumbList\",\"@id\":\"https:\/\/tpfsrl.com\/fr\/politique-de-qualite\/#breadcrumb\",\"itemListElement\":[{\"@type\":\"ListItem\",\"position\":1,\"name\":\"Page d'accueil\",\"item\":\"https:\/\/tpfsrl.com\/fr\/\"},{\"@type\":\"ListItem\",\"position\":2,\"name\":\"Politique de Qualit\u00e9\"}]},{\"@type\":\"WebSite\",\"@id\":\"https:\/\/tpfsrl.com\/fr\/#website\",\"url\":\"https:\/\/tpfsrl.com\/fr\/\",\"name\":\"T.P.F. Srl\",\"description\":\"Depuis plus de vingt ans, T.P.F. fabrique des produits sur mesure en s'inspirant des conceptions de ses clients.\",\"publisher\":{\"@id\":\"https:\/\/tpfsrl.com\/fr\/#organization\"},\"alternateName\":\"TPF S.r.l.\",\"potentialAction\":[{\"@type\":\"SearchAction\",\"target\":{\"@type\":\"EntryPoint\",\"urlTemplate\":\"https:\/\/tpfsrl.com\/fr\/?s={search_term_string}\"},\"query-input\":{\"@type\":\"PropertyValueSpecification\",\"valueRequired\":true,\"valueName\":\"search_term_string\"}}],\"inLanguage\":\"fr-FR\"},{\"@type\":\"Organization\",\"@id\":\"https:\/\/tpfsrl.com\/fr\/#organization\",\"name\":\"T.P.F. srl\",\"alternateName\":\"TPF S.r.l.\",\"url\":\"https:\/\/tpfsrl.com\/fr\/\",\"logo\":{\"@type\":\"ImageObject\",\"inLanguage\":\"fr-FR\",\"@id\":\"https:\/\/tpfsrl.com\/fr\/#\/schema\/logo\/image\/\",\"url\":\"https:\/\/tpfsrl.com\/wp-content\/uploads\/2024\/04\/Logo-TPF-01.png\",\"contentUrl\":\"https:\/\/tpfsrl.com\/wp-content\/uploads\/2024\/04\/Logo-TPF-01.png\",\"width\":242,\"height\":100,\"caption\":\"T.P.F. srl\"},\"image\":{\"@id\":\"https:\/\/tpfsrl.com\/fr\/#\/schema\/logo\/image\/\"},\"sameAs\":[\"https:\/\/www.facebook.com\/profile.php?id=61558559935378\",\"https:\/\/www.instagram.com\/tpfsrl\/\",\"https:\/\/www.youtube.com\/@TPFsrl\",\"https:\/\/www.linkedin.com\/company\/tpfsrl\/?viewAsMember=true\"]}]}<\/script>\n<!-- \/ Yoast SEO plugin. -->","yoast_head_json":{"title":"Politique de Qualit\u00e9 - T.P.F. srl","description":"Scopri T.P.F. specialisti in strutture modulari personalizzate e lavorazioni meccaniche di precisione, qualit\u00e0 certificata ISO 9001 e 14001","robots":{"index":"index","follow":"follow","max-snippet":"max-snippet:-1","max-image-preview":"max-image-preview:large","max-video-preview":"max-video-preview:-1"},"canonical":"https:\/\/tpfsrl.com\/fr\/politique-de-qualite\/","og_locale":"fr_FR","og_type":"article","og_title":"Politique de Qualit\u00e9 - T.P.F. srl","og_description":"Scopri T.P.F. specialisti in strutture modulari personalizzate e lavorazioni meccaniche di precisione, qualit\u00e0 certificata ISO 9001 e 14001","og_url":"https:\/\/tpfsrl.com\/fr\/politique-de-qualite\/","og_site_name":"T.P.F. srl","article_publisher":"https:\/\/www.facebook.com\/profile.php?id=61558559935378","article_modified_time":"2024-07-04T14:16:22+00:00","og_image":[{"width":1920,"height":1080,"url":"https:\/\/tpfsrl.com\/wp-content\/uploads\/2024\/04\/Azienda-TPF.jpg","type":"image\/jpeg"}],"twitter_card":"summary_large_image","twitter_misc":{"Dur\u00e9e de lecture estim\u00e9e":"3 minutes"},"schema":{"@context":"https:\/\/schema.org","@graph":[{"@type":"WebPage","@id":"https:\/\/tpfsrl.com\/fr\/politique-de-qualite\/","url":"https:\/\/tpfsrl.com\/fr\/politique-de-qualite\/","name":"Politique de Qualit\u00e9 - T.P.F. srl","isPartOf":{"@id":"https:\/\/tpfsrl.com\/fr\/#website"},"primaryImageOfPage":{"@id":"https:\/\/tpfsrl.com\/fr\/politique-de-qualite\/#primaryimage"},"image":{"@id":"https:\/\/tpfsrl.com\/fr\/politique-de-qualite\/#primaryimage"},"thumbnailUrl":"https:\/\/tpfsrl.com\/wp-content\/uploads\/2024\/04\/Azienda-TPF.jpg","datePublished":"2024-07-04T13:47:52+00:00","dateModified":"2024-07-04T14:16:22+00:00","description":"Scopri T.P.F. specialisti in strutture modulari personalizzate e lavorazioni meccaniche di precisione, qualit\u00e0 certificata ISO 9001 e 14001","breadcrumb":{"@id":"https:\/\/tpfsrl.com\/fr\/politique-de-qualite\/#breadcrumb"},"inLanguage":"fr-FR","potentialAction":[{"@type":"ReadAction","target":["https:\/\/tpfsrl.com\/fr\/politique-de-qualite\/"]}]},{"@type":"ImageObject","inLanguage":"fr-FR","@id":"https:\/\/tpfsrl.com\/fr\/politique-de-qualite\/#primaryimage","url":"https:\/\/tpfsrl.com\/wp-content\/uploads\/2024\/04\/Azienda-TPF.jpg","contentUrl":"https:\/\/tpfsrl.com\/wp-content\/uploads\/2024\/04\/Azienda-TPF.jpg","width":1920,"height":1080},{"@type":"BreadcrumbList","@id":"https:\/\/tpfsrl.com\/fr\/politique-de-qualite\/#breadcrumb","itemListElement":[{"@type":"ListItem","position":1,"name":"Page d'accueil","item":"https:\/\/tpfsrl.com\/fr\/"},{"@type":"ListItem","position":2,"name":"Politique de Qualit\u00e9"}]},{"@type":"WebSite","@id":"https:\/\/tpfsrl.com\/fr\/#website","url":"https:\/\/tpfsrl.com\/fr\/","name":"T.P.F. Srl","description":"Depuis plus de vingt ans, T.P.F. fabrique des produits sur mesure en s'inspirant des conceptions de ses clients.","publisher":{"@id":"https:\/\/tpfsrl.com\/fr\/#organization"},"alternateName":"TPF S.r.l.","potentialAction":[{"@type":"SearchAction","target":{"@type":"EntryPoint","urlTemplate":"https:\/\/tpfsrl.com\/fr\/?s={search_term_string}"},"query-input":{"@type":"PropertyValueSpecification","valueRequired":true,"valueName":"search_term_string"}}],"inLanguage":"fr-FR"},{"@type":"Organization","@id":"https:\/\/tpfsrl.com\/fr\/#organization","name":"T.P.F. srl","alternateName":"TPF S.r.l.","url":"https:\/\/tpfsrl.com\/fr\/","logo":{"@type":"ImageObject","inLanguage":"fr-FR","@id":"https:\/\/tpfsrl.com\/fr\/#\/schema\/logo\/image\/","url":"https:\/\/tpfsrl.com\/wp-content\/uploads\/2024\/04\/Logo-TPF-01.png","contentUrl":"https:\/\/tpfsrl.com\/wp-content\/uploads\/2024\/04\/Logo-TPF-01.png","width":242,"height":100,"caption":"T.P.F. srl"},"image":{"@id":"https:\/\/tpfsrl.com\/fr\/#\/schema\/logo\/image\/"},"sameAs":["https:\/\/www.facebook.com\/profile.php?id=61558559935378","https:\/\/www.instagram.com\/tpfsrl\/","https:\/\/www.youtube.com\/@TPFsrl","https:\/\/www.linkedin.com\/company\/tpfsrl\/?viewAsMember=true"]}]}},"_links":{"self":[{"href":"https:\/\/tpfsrl.com\/fr\/wp-json\/wp\/v2\/pages\/5420","targetHints":{"allow":["GET"]}}],"collection":[{"href":"https:\/\/tpfsrl.com\/fr\/wp-json\/wp\/v2\/pages"}],"about":[{"href":"https:\/\/tpfsrl.com\/fr\/wp-json\/wp\/v2\/types\/page"}],"author":[{"embeddable":true,"href":"https:\/\/tpfsrl.com\/fr\/wp-json\/wp\/v2\/users\/1"}],"replies":[{"embeddable":true,"href":"https:\/\/tpfsrl.com\/fr\/wp-json\/wp\/v2\/comments?post=5420"}],"version-history":[{"count":10,"href":"https:\/\/tpfsrl.com\/fr\/wp-json\/wp\/v2\/pages\/5420\/revisions"}],"predecessor-version":[{"id":5451,"href":"https:\/\/tpfsrl.com\/fr\/wp-json\/wp\/v2\/pages\/5420\/revisions\/5451"}],"wp:featuredmedia":[{"embeddable":true,"href":"https:\/\/tpfsrl.com\/fr\/wp-json\/wp\/v2\/media\/4856"}],"wp:attachment":[{"href":"https:\/\/tpfsrl.com\/fr\/wp-json\/wp\/v2\/media?parent=5420"}],"curies":[{"name":"wp","href":"https:\/\/api.w.org\/{rel}","templated":true}]}}