{"id":5048,"date":"2023-05-17T19:18:37","date_gmt":"2023-05-17T17:18:37","guid":{"rendered":"https:\/\/tpfsrl.com\/contatti\/"},"modified":"2024-05-21T15:05:16","modified_gmt":"2024-05-21T13:05:16","slug":"contact","status":"publish","type":"page","link":"https:\/\/tpfsrl.com\/fr\/contact\/","title":{"rendered":"Contact"},"content":{"rendered":"<p><div class=\"fusion-fullwidth fullwidth-box fusion-builder-row-1 fusion-flex-container has-pattern-background has-mask-background nonhundred-percent-fullwidth non-hundred-percent-height-scrolling\" style=\"--awb-border-radius-top-left:0px;--awb-border-radius-top-right:0px;--awb-border-radius-bottom-right:0px;--awb-border-radius-bottom-left:0px;--awb-margin-top:100px;--awb-margin-bottom:80px;--awb-flex-wrap:wrap;\" ><div class=\"fusion-builder-row fusion-row fusion-flex-align-items-flex-start fusion-flex-justify-content-center fusion-flex-content-wrap\" style=\"max-width:1248px;margin-left: calc(-4% \/ 2 );margin-right: calc(-4% \/ 2 );\"><div class=\"fusion-layout-column fusion_builder_column fusion-builder-column-0 fusion_builder_column_2_5 2_5 fusion-flex-column\" style=\"--awb-padding-right:40px;--awb-padding-right-small:0px;--awb-bg-size:cover;--awb-width-large:40%;--awb-margin-top-large:0px;--awb-spacing-right-large:4.8%;--awb-margin-bottom-large:0px;--awb-spacing-left-large:4.8%;--awb-width-medium:100%;--awb-order-medium:0;--awb-spacing-right-medium:1.92%;--awb-spacing-left-medium:1.92%;--awb-width-small:100%;--awb-order-small:0;--awb-spacing-right-small:1.92%;--awb-spacing-left-small:1.92%;\" data-scroll-devices=\"small-visibility,medium-visibility,large-visibility\"><div class=\"fusion-column-wrapper fusion-column-has-shadow fusion-flex-justify-content-flex-start fusion-content-layout-column\"><div class=\"fusion-title title fusion-title-1 fusion-sep-none fusion-title-text fusion-title-size-two\" style=\"--awb-text-color:var(--awb-color4);--awb-margin-bottom:20px;\"><h2 class=\"fusion-title-heading title-heading-left\" style=\"margin:0;\">Contact<\/h2><\/div><div class=\"fusion-text fusion-text-1 fusion-text-no-margin\" style=\"--awb-font-size:var(--awb-typography2-font-size);--awb-line-height:var(--awb-typography2-line-height);--awb-letter-spacing:var(--awb-typography2-letter-spacing);--awb-text-transform:var(--awb-typography2-text-transform);--awb-margin-bottom:5px;--awb-text-font-family:var(--awb-typography2-font-family);--awb-text-font-weight:var(--awb-typography2-font-weight);--awb-text-font-style:var(--awb-typography2-font-style);\"><p><strong>T\u00e9l\u00e9phone<br \/>\n<\/strong>+ 39 011 223 6148<br \/>\n+ 39 011 223 9827<\/p>\n<\/div><div class=\"fusion-text fusion-text-2\" style=\"--awb-font-size:var(--awb-typography2-font-size);--awb-line-height:var(--awb-typography2-line-height);--awb-letter-spacing:var(--awb-typography2-letter-spacing);--awb-text-transform:var(--awb-typography2-text-transform);--awb-text-font-family:var(--awb-typography2-font-family);--awb-text-font-weight:var(--awb-typography2-font-weight);--awb-text-font-style:var(--awb-typography2-font-style);\"><p><strong>Courriel<br \/>\n<\/strong><a href=\"mailto:info@tpf-srl.com\">info@tpf-srl.com<\/a><\/p>\n<\/div><div class=\"fusion-separator fusion-full-width-sep\" style=\"align-self: center;margin-left: auto;margin-right: auto;margin-top:10px;margin-bottom:30px;width:100%;\"><div class=\"fusion-separator-border sep-single sep-solid\" style=\"--awb-height:20px;--awb-amount:20px;--awb-sep-color:hsla(var(--awb-color2-h),var(--awb-color2-s),calc(var(--awb-color2-l) - 4%),var(--awb-color2-a));border-color:hsla(var(--awb-color2-h),var(--awb-color2-s),calc(var(--awb-color2-l) - 4%),var(--awb-color2-a));border-top-width:1px;\"><\/div><\/div><div class=\"fusion-text fusion-text-3\" style=\"--awb-font-size:var(--awb-typography2-font-size);--awb-line-height:var(--awb-typography2-line-height);--awb-letter-spacing:var(--awb-typography2-letter-spacing);--awb-text-transform:var(--awb-typography2-text-transform);--awb-text-font-family:var(--awb-typography2-font-family);--awb-text-font-weight:var(--awb-typography2-font-weight);--awb-text-font-style:var(--awb-typography2-font-style);\"><p><strong>Num\u00e9ro de TVA<\/strong><br \/>\n07719080017<\/p>\n<\/div><div class=\"fusion-text fusion-text-4\" style=\"--awb-font-size:var(--awb-typography2-font-size);--awb-line-height:var(--awb-typography2-line-height);--awb-letter-spacing:var(--awb-typography2-letter-spacing);--awb-text-transform:var(--awb-typography2-text-transform);--awb-text-font-family:var(--awb-typography2-font-family);--awb-text-font-weight:var(--awb-typography2-font-weight);--awb-text-font-style:var(--awb-typography2-font-style);\"><p><b>SDI<br \/>\n<\/b>W7YVJK9<\/p>\n<\/div><\/div><\/div><div class=\"fusion-layout-column fusion_builder_column fusion-builder-column-1 fusion_builder_column_3_5 3_5 fusion-flex-column\" style=\"--awb-bg-size:cover;--awb-width-large:60%;--awb-margin-top-large:0px;--awb-spacing-right-large:3.2%;--awb-margin-bottom-large:0px;--awb-spacing-left-large:3.2%;--awb-width-medium:100%;--awb-order-medium:0;--awb-spacing-right-medium:1.92%;--awb-spacing-left-medium:1.92%;--awb-width-small:100%;--awb-order-small:0;--awb-margin-top-small:60px;--awb-spacing-right-small:1.92%;--awb-spacing-left-small:1.92%;\" data-scroll-devices=\"small-visibility,medium-visibility,large-visibility\"><div class=\"fusion-column-wrapper fusion-column-has-shadow fusion-flex-justify-content-flex-start fusion-content-layout-column\"><div class=\"fusion-title title fusion-title-2 fusion-sep-none fusion-title-text fusion-title-size-three\" style=\"--awb-margin-top:0px;--awb-margin-bottom:30px;--awb-margin-bottom-small:25px;\"><h3 class=\"fusion-title-heading title-heading-left\" style=\"margin:0;\">Envoyer un message<\/h3><\/div>\n<div class=\"wpcf7 no-js\" id=\"wpcf7-f5311-o1\" lang=\"it-IT\" dir=\"ltr\" data-wpcf7-id=\"5311\">\n<div class=\"screen-reader-response\"><p role=\"status\" aria-live=\"polite\" aria-atomic=\"true\"><\/p> <ul><\/ul><\/div>\n<form action=\"\/fr\/wp-json\/wp\/v2\/pages\/5048#wpcf7-f5311-o1\" method=\"post\" class=\"wpcf7-form init\" aria-label=\"Modulo di contatto\" novalidate=\"novalidate\" data-status=\"init\">\n<fieldset class=\"hidden-fields-container\"><input type=\"hidden\" name=\"_wpcf7\" value=\"5311\" \/><input type=\"hidden\" name=\"_wpcf7_version\" value=\"6.1.5\" \/><input type=\"hidden\" name=\"_wpcf7_locale\" value=\"it_IT\" \/><input type=\"hidden\" name=\"_wpcf7_unit_tag\" value=\"wpcf7-f5311-o1\" \/><input type=\"hidden\" name=\"_wpcf7_container_post\" value=\"0\" \/><input type=\"hidden\" name=\"_wpcf7_posted_data_hash\" value=\"\" \/>\n<\/fieldset>\n<p><span class=\"wpcf7-form-control-wrap\" data-name=\"nome\"><input size=\"40\" maxlength=\"400\" class=\"wpcf7-form-control wpcf7-text wpcf7-validates-as-required\" aria-required=\"true\" aria-invalid=\"false\" placeholder=\"Nom et Pr\u00e9nom*\" value=\"\" type=\"text\" name=\"nome\" \/><\/span>\n<\/p>\n<p><span class=\"wpcf7-form-control-wrap\" data-name=\"telefono\"><input size=\"40\" maxlength=\"400\" class=\"wpcf7-form-control wpcf7-tel wpcf7-validates-as-required wpcf7-text wpcf7-validates-as-tel\" aria-required=\"true\" aria-invalid=\"false\" placeholder=\"T\u00e9l\u00e9phone\" value=\"\" type=\"tel\" name=\"telefono\" \/><\/span>\n<\/p>\n<p><span class=\"wpcf7-form-control-wrap\" data-name=\"email\"><input size=\"40\" maxlength=\"400\" class=\"wpcf7-form-control wpcf7-email wpcf7-validates-as-required wpcf7-text wpcf7-validates-as-email\" aria-required=\"true\" aria-invalid=\"false\" placeholder=\"Courriel*\" value=\"\" type=\"email\" name=\"email\" \/><\/span>\n<\/p>\n<p><span class=\"wpcf7-form-control-wrap\" data-name=\"note\"><textarea cols=\"40\" rows=\"10\" maxlength=\"2000\" class=\"wpcf7-form-control wpcf7-textarea\" aria-invalid=\"false\" placeholder=\"Notes\" name=\"note\"><\/textarea><\/span>\n<\/p>\n<p><br \/>\n<span class=\"wpcf7-form-control-wrap\" data-name=\"privacy\"><span class=\"wpcf7-form-control wpcf7-acceptance\"><span class=\"wpcf7-list-item\"><label><input type=\"checkbox\" name=\"privacy\" value=\"1\" aria-invalid=\"false\" \/><span class=\"wpcf7-list-item-label\">J'ai lu les informations relatives \u00e0 la <a href=\"https:\/\/www.iubenda.com\/privacy-policy\/60437062\">politique de confidentialit\u00e9 <\/a><\/span><\/label><\/span><\/span><\/span><br \/>\n<span class=\"wpcf7-form-control-wrap\" data-name=\"tracciamento\"><span class=\"wpcf7-form-control wpcf7-checkbox\"><span class=\"wpcf7-list-item first last\"><input type=\"checkbox\" name=\"tracciamento[]\" value=\"Je donne mon accord \u00e0 TPF srl, en tant que responsable du traitement, pour l&#039;envoi de mat\u00e9riel publicitaire ou de vente directe, de bulletins d&#039;information, d&#039;\u00e9tudes de march\u00e9 ou de communications commerciales par des moyens de contact automatis\u00e9s et traditionnels de la part du responsable du traitement.\" \/><span class=\"wpcf7-list-item-label\">Je donne mon accord \u00e0 TPF srl, en tant que responsable du traitement, pour l&#039;envoi de mat\u00e9riel publicitaire ou de vente directe, de bulletins d&#039;information, d&#039;\u00e9tudes de march\u00e9 ou de communications commerciales par des moyens de contact automatis\u00e9s et traditionnels de la part du responsable du traitement.<\/span><\/span><\/span><\/span>\n<\/p>\n<p><input class=\"wpcf7-form-control wpcf7-submit has-spinner\" type=\"submit\" value=\"ENVOYER LA DEMANDE\" \/>\n<\/p><input type='hidden' class='wpcf7-pum' value='{\"closepopup\":false,\"closedelay\":0,\"openpopup\":false,\"openpopup_id\":0}' \/><div class=\"fusion-alert alert custom alert-custom fusion-alert-center wpcf7-response-output awb-alert-native-link-color alert-dismissable awb-alert-close-boxed\" style=\"--awb-border-size:1px;--awb-border-top-left-radius:0px;--awb-border-top-right-radius:0px;--awb-border-bottom-left-radius:0px;--awb-border-bottom-right-radius:0px;\" role=\"alert\"><div class=\"fusion-alert-content-wrapper\"><span class=\"fusion-alert-content\"><\/span><\/div><button type=\"button\" class=\"close toggle-alert\" data-dismiss=\"alert\" aria-label=\"Close\">&times;<\/button><\/div>\n<\/form>\n<\/div>\n<\/div><\/div><\/div><\/div><div class=\"fusion-fullwidth fullwidth-box fusion-builder-row-2 fusion-flex-container has-pattern-background has-mask-background nonhundred-percent-fullwidth non-hundred-percent-height-scrolling\" style=\"--awb-border-radius-top-left:0px;--awb-border-radius-top-right:0px;--awb-border-radius-bottom-right:0px;--awb-border-radius-bottom-left:0px;--awb-margin-top:100px;--awb-flex-wrap:wrap;\" ><div class=\"fusion-builder-row fusion-row fusion-flex-align-items-flex-start fusion-flex-justify-content-center fusion-flex-content-wrap\" style=\"max-width:1248px;margin-left: calc(-4% \/ 2 );margin-right: calc(-4% \/ 2 );\"><div class=\"fusion-layout-column fusion_builder_column fusion-builder-column-2 fusion_builder_column_1_1 1_1 fusion-flex-column\" style=\"--awb-overflow:hidden;--awb-bg-size:cover;--awb-border-radius:5px 5px 5px 5px;--awb-width-large:100%;--awb-margin-top-large:0px;--awb-spacing-right-large:1.92%;--awb-margin-bottom-large:0px;--awb-spacing-left-large:1.92%;--awb-width-medium:100%;--awb-order-medium:0;--awb-spacing-right-medium:1.92%;--awb-spacing-left-medium:1.92%;--awb-width-small:100%;--awb-order-small:0;--awb-spacing-right-small:1.92%;--awb-spacing-left-small:1.92%;\"><div class=\"fusion-column-wrapper fusion-column-has-shadow fusion-flex-justify-content-flex-start fusion-content-layout-column\"><div class=\"fusion-title title fusion-title-3 fusion-sep-none fusion-title-text fusion-title-size-three\" style=\"--awb-margin-top:0px;--awb-margin-bottom:10px;--awb-margin-bottom-small:25px;\"><h3 class=\"fusion-title-heading title-heading-left\" style=\"margin:0;\">O\u00f9 nous sommes<\/h3><\/div><div class=\"fusion-text fusion-text-5 fusion-text-no-margin\" style=\"--awb-margin-bottom:30px;\"><p>Via Pescarito 101 \u2013 10099 San Mauro Torinese (TO), Italie<\/p>\n<\/div><div style=\"--awb-height:400px;--awb-popup-title-line-height:0;--awb-popup-padding-top:0px;--awb-popup-padding-bottom:20px;\" class=\"awb-openstreet-map awb-openstreet-map-1 mappa\" data-map-style=\"osm-carto\" data-map-type=\"polygon\" data-zoom=\"18\" data-zoomsnap=\"0.0\" data-zoomcontrol=\"1\" data-scrollwheelzoom=\"1\" data-dragging=\"1\" data-touchzoom=\"1\" data-dbclickzoom=\"1\" data-fitbounds=\"1\" data-shape-color=\"rgba(0,142,230,1)\" data-shape-weight=\"3\"><div class=\"awb-openstreet-map-marker awb-openstreet-map-marker-1\" data-latitude=\"45.1098567\" data-longitude=\"7.7579944\" data-icon=\"hosting-template-location-pin\" data-action=\"popup\"><div class=\"awb-openstreet-map-marker-icon-wrapper awb-openstreet-map-marker-anim-pulsating\" style=\"\"><i class=\"hosting-template-location-pin\"><\/i><\/div><div class=\"awb-openstreet-map-content-wrapper\"><h5 class=\"awb-openstreet-map-marker-title\">T.F.P. srl<\/h5><div class=\"awb-openstreet-map-marker-content\">Indirizzo Azienda<\/div><\/div><\/div><\/div><\/div><\/div><\/div><\/div><\/p>\n","protected":false},"excerpt":{"rendered":"","protected":false},"author":1,"featured_media":4866,"parent":0,"menu_order":0,"comment_status":"closed","ping_status":"closed","template":"100-width.php","meta":{"_acf_changed":false,"footnotes":""},"class_list":["post-5048","page","type-page","status-publish","has-post-thumbnail","hentry"],"acf":[],"yoast_head":"<!-- This site is optimized with the Yoast SEO plugin v27.2 - https:\/\/yoast.com\/product\/yoast-seo-wordpress\/ -->\n<title>Demande d&#039;informations et de devis - T.P.F. srl<\/title>\n<meta name=\"description\" content=\"Contactez T.P.F. srl pour obtenir des informations et des devis personnalis\u00e9s. T\u00e9l\u00e9phone, e-mail et adresse pour une assistance rapide et professionnelle. Nous sommes \u00e0 San Mauro Torinese, Italie!\" \/>\n<meta name=\"robots\" content=\"index, follow, max-snippet:-1, max-image-preview:large, max-video-preview:-1\" \/>\n<link rel=\"canonical\" href=\"https:\/\/tpfsrl.com\/fr\/contact\/\" \/>\n<meta property=\"og:locale\" content=\"fr_FR\" \/>\n<meta property=\"og:type\" content=\"article\" \/>\n<meta property=\"og:title\" content=\"Demande d&#039;informations et de devis - T.P.F. srl\" \/>\n<meta property=\"og:description\" content=\"Contactez T.P.F. srl pour obtenir des informations et des devis personnalis\u00e9s. T\u00e9l\u00e9phone, e-mail et adresse pour une assistance rapide et professionnelle. Nous sommes \u00e0 San Mauro Torinese, Italie!\" \/>\n<meta property=\"og:url\" content=\"https:\/\/tpfsrl.com\/fr\/contact\/\" \/>\n<meta property=\"og:site_name\" content=\"T.P.F. srl\" \/>\n<meta property=\"article:publisher\" content=\"https:\/\/www.facebook.com\/profile.php?id=61558559935378\" \/>\n<meta property=\"article:modified_time\" content=\"2024-05-21T13:05:16+00:00\" \/>\n<meta property=\"og:image\" content=\"https:\/\/tpfsrl.com\/wp-content\/uploads\/2024\/04\/Profilati-di-alluminio.jpg\" \/>\n\t<meta property=\"og:image:width\" content=\"1920\" \/>\n\t<meta property=\"og:image:height\" content=\"1080\" \/>\n\t<meta property=\"og:image:type\" content=\"image\/jpeg\" \/>\n<meta name=\"twitter:card\" content=\"summary_large_image\" \/>\n<meta name=\"twitter:label1\" content=\"Dur\u00e9e de lecture estim\u00e9e\" \/>\n\t<meta name=\"twitter:data1\" content=\"1 minute\" \/>\n<script type=\"application\/ld+json\" class=\"yoast-schema-graph\">{\"@context\":\"https:\/\/schema.org\",\"@graph\":[{\"@type\":\"WebPage\",\"@id\":\"https:\/\/tpfsrl.com\/fr\/contact\/\",\"url\":\"https:\/\/tpfsrl.com\/fr\/contact\/\",\"name\":\"Demande d'informations et de devis - T.P.F. srl\",\"isPartOf\":{\"@id\":\"https:\/\/tpfsrl.com\/fr\/#website\"},\"primaryImageOfPage\":{\"@id\":\"https:\/\/tpfsrl.com\/fr\/contact\/#primaryimage\"},\"image\":{\"@id\":\"https:\/\/tpfsrl.com\/fr\/contact\/#primaryimage\"},\"thumbnailUrl\":\"https:\/\/tpfsrl.com\/wp-content\/uploads\/2024\/04\/Profilati-di-alluminio.jpg\",\"datePublished\":\"2023-05-17T17:18:37+00:00\",\"dateModified\":\"2024-05-21T13:05:16+00:00\",\"description\":\"Contactez T.P.F. srl pour obtenir des informations et des devis personnalis\u00e9s. T\u00e9l\u00e9phone, e-mail et adresse pour une assistance rapide et professionnelle. Nous sommes \u00e0 San Mauro Torinese, Italie!\",\"breadcrumb\":{\"@id\":\"https:\/\/tpfsrl.com\/fr\/contact\/#breadcrumb\"},\"inLanguage\":\"fr-FR\",\"potentialAction\":[{\"@type\":\"ReadAction\",\"target\":[\"https:\/\/tpfsrl.com\/fr\/contact\/\"]}]},{\"@type\":\"ImageObject\",\"inLanguage\":\"fr-FR\",\"@id\":\"https:\/\/tpfsrl.com\/fr\/contact\/#primaryimage\",\"url\":\"https:\/\/tpfsrl.com\/wp-content\/uploads\/2024\/04\/Profilati-di-alluminio.jpg\",\"contentUrl\":\"https:\/\/tpfsrl.com\/wp-content\/uploads\/2024\/04\/Profilati-di-alluminio.jpg\",\"width\":1920,\"height\":1080},{\"@type\":\"BreadcrumbList\",\"@id\":\"https:\/\/tpfsrl.com\/fr\/contact\/#breadcrumb\",\"itemListElement\":[{\"@type\":\"ListItem\",\"position\":1,\"name\":\"Page d'accueil\",\"item\":\"https:\/\/tpfsrl.com\/fr\/\"},{\"@type\":\"ListItem\",\"position\":2,\"name\":\"Contact\"}]},{\"@type\":\"WebSite\",\"@id\":\"https:\/\/tpfsrl.com\/fr\/#website\",\"url\":\"https:\/\/tpfsrl.com\/fr\/\",\"name\":\"T.P.F. Srl\",\"description\":\"Depuis plus de vingt ans, T.P.F. fabrique des produits sur mesure en s'inspirant des conceptions de ses clients.\",\"publisher\":{\"@id\":\"https:\/\/tpfsrl.com\/fr\/#organization\"},\"alternateName\":\"TPF S.r.l.\",\"potentialAction\":[{\"@type\":\"SearchAction\",\"target\":{\"@type\":\"EntryPoint\",\"urlTemplate\":\"https:\/\/tpfsrl.com\/fr\/?s={search_term_string}\"},\"query-input\":{\"@type\":\"PropertyValueSpecification\",\"valueRequired\":true,\"valueName\":\"search_term_string\"}}],\"inLanguage\":\"fr-FR\"},{\"@type\":\"Organization\",\"@id\":\"https:\/\/tpfsrl.com\/fr\/#organization\",\"name\":\"T.P.F. srl\",\"alternateName\":\"TPF S.r.l.\",\"url\":\"https:\/\/tpfsrl.com\/fr\/\",\"logo\":{\"@type\":\"ImageObject\",\"inLanguage\":\"fr-FR\",\"@id\":\"https:\/\/tpfsrl.com\/fr\/#\/schema\/logo\/image\/\",\"url\":\"https:\/\/tpfsrl.com\/wp-content\/uploads\/2024\/04\/Logo-TPF-01.png\",\"contentUrl\":\"https:\/\/tpfsrl.com\/wp-content\/uploads\/2024\/04\/Logo-TPF-01.png\",\"width\":242,\"height\":100,\"caption\":\"T.P.F. srl\"},\"image\":{\"@id\":\"https:\/\/tpfsrl.com\/fr\/#\/schema\/logo\/image\/\"},\"sameAs\":[\"https:\/\/www.facebook.com\/profile.php?id=61558559935378\",\"https:\/\/www.instagram.com\/tpfsrl\/\",\"https:\/\/www.youtube.com\/@TPFsrl\",\"https:\/\/www.linkedin.com\/company\/tpfsrl\/?viewAsMember=true\"]}]}<\/script>\n<!-- \/ Yoast SEO plugin. -->","yoast_head_json":{"title":"Demande d'informations et de devis - T.P.F. srl","description":"Contactez T.P.F. srl pour obtenir des informations et des devis personnalis\u00e9s. T\u00e9l\u00e9phone, e-mail et adresse pour une assistance rapide et professionnelle. Nous sommes \u00e0 San Mauro Torinese, Italie!","robots":{"index":"index","follow":"follow","max-snippet":"max-snippet:-1","max-image-preview":"max-image-preview:large","max-video-preview":"max-video-preview:-1"},"canonical":"https:\/\/tpfsrl.com\/fr\/contact\/","og_locale":"fr_FR","og_type":"article","og_title":"Demande d'informations et de devis - T.P.F. srl","og_description":"Contactez T.P.F. srl pour obtenir des informations et des devis personnalis\u00e9s. T\u00e9l\u00e9phone, e-mail et adresse pour une assistance rapide et professionnelle. Nous sommes \u00e0 San Mauro Torinese, Italie!","og_url":"https:\/\/tpfsrl.com\/fr\/contact\/","og_site_name":"T.P.F. srl","article_publisher":"https:\/\/www.facebook.com\/profile.php?id=61558559935378","article_modified_time":"2024-05-21T13:05:16+00:00","og_image":[{"width":1920,"height":1080,"url":"https:\/\/tpfsrl.com\/wp-content\/uploads\/2024\/04\/Profilati-di-alluminio.jpg","type":"image\/jpeg"}],"twitter_card":"summary_large_image","twitter_misc":{"Dur\u00e9e de lecture estim\u00e9e":"1 minute"},"schema":{"@context":"https:\/\/schema.org","@graph":[{"@type":"WebPage","@id":"https:\/\/tpfsrl.com\/fr\/contact\/","url":"https:\/\/tpfsrl.com\/fr\/contact\/","name":"Demande d'informations et de devis - T.P.F. srl","isPartOf":{"@id":"https:\/\/tpfsrl.com\/fr\/#website"},"primaryImageOfPage":{"@id":"https:\/\/tpfsrl.com\/fr\/contact\/#primaryimage"},"image":{"@id":"https:\/\/tpfsrl.com\/fr\/contact\/#primaryimage"},"thumbnailUrl":"https:\/\/tpfsrl.com\/wp-content\/uploads\/2024\/04\/Profilati-di-alluminio.jpg","datePublished":"2023-05-17T17:18:37+00:00","dateModified":"2024-05-21T13:05:16+00:00","description":"Contactez T.P.F. srl pour obtenir des informations et des devis personnalis\u00e9s. T\u00e9l\u00e9phone, e-mail et adresse pour une assistance rapide et professionnelle. Nous sommes \u00e0 San Mauro Torinese, Italie!","breadcrumb":{"@id":"https:\/\/tpfsrl.com\/fr\/contact\/#breadcrumb"},"inLanguage":"fr-FR","potentialAction":[{"@type":"ReadAction","target":["https:\/\/tpfsrl.com\/fr\/contact\/"]}]},{"@type":"ImageObject","inLanguage":"fr-FR","@id":"https:\/\/tpfsrl.com\/fr\/contact\/#primaryimage","url":"https:\/\/tpfsrl.com\/wp-content\/uploads\/2024\/04\/Profilati-di-alluminio.jpg","contentUrl":"https:\/\/tpfsrl.com\/wp-content\/uploads\/2024\/04\/Profilati-di-alluminio.jpg","width":1920,"height":1080},{"@type":"BreadcrumbList","@id":"https:\/\/tpfsrl.com\/fr\/contact\/#breadcrumb","itemListElement":[{"@type":"ListItem","position":1,"name":"Page d'accueil","item":"https:\/\/tpfsrl.com\/fr\/"},{"@type":"ListItem","position":2,"name":"Contact"}]},{"@type":"WebSite","@id":"https:\/\/tpfsrl.com\/fr\/#website","url":"https:\/\/tpfsrl.com\/fr\/","name":"T.P.F. Srl","description":"Depuis plus de vingt ans, T.P.F. fabrique des produits sur mesure en s'inspirant des conceptions de ses clients.","publisher":{"@id":"https:\/\/tpfsrl.com\/fr\/#organization"},"alternateName":"TPF S.r.l.","potentialAction":[{"@type":"SearchAction","target":{"@type":"EntryPoint","urlTemplate":"https:\/\/tpfsrl.com\/fr\/?s={search_term_string}"},"query-input":{"@type":"PropertyValueSpecification","valueRequired":true,"valueName":"search_term_string"}}],"inLanguage":"fr-FR"},{"@type":"Organization","@id":"https:\/\/tpfsrl.com\/fr\/#organization","name":"T.P.F. srl","alternateName":"TPF S.r.l.","url":"https:\/\/tpfsrl.com\/fr\/","logo":{"@type":"ImageObject","inLanguage":"fr-FR","@id":"https:\/\/tpfsrl.com\/fr\/#\/schema\/logo\/image\/","url":"https:\/\/tpfsrl.com\/wp-content\/uploads\/2024\/04\/Logo-TPF-01.png","contentUrl":"https:\/\/tpfsrl.com\/wp-content\/uploads\/2024\/04\/Logo-TPF-01.png","width":242,"height":100,"caption":"T.P.F. srl"},"image":{"@id":"https:\/\/tpfsrl.com\/fr\/#\/schema\/logo\/image\/"},"sameAs":["https:\/\/www.facebook.com\/profile.php?id=61558559935378","https:\/\/www.instagram.com\/tpfsrl\/","https:\/\/www.youtube.com\/@TPFsrl","https:\/\/www.linkedin.com\/company\/tpfsrl\/?viewAsMember=true"]}]}},"_links":{"self":[{"href":"https:\/\/tpfsrl.com\/fr\/wp-json\/wp\/v2\/pages\/5048","targetHints":{"allow":["GET"]}}],"collection":[{"href":"https:\/\/tpfsrl.com\/fr\/wp-json\/wp\/v2\/pages"}],"about":[{"href":"https:\/\/tpfsrl.com\/fr\/wp-json\/wp\/v2\/types\/page"}],"author":[{"embeddable":true,"href":"https:\/\/tpfsrl.com\/fr\/wp-json\/wp\/v2\/users\/1"}],"replies":[{"embeddable":true,"href":"https:\/\/tpfsrl.com\/fr\/wp-json\/wp\/v2\/comments?post=5048"}],"version-history":[{"count":5,"href":"https:\/\/tpfsrl.com\/fr\/wp-json\/wp\/v2\/pages\/5048\/revisions"}],"predecessor-version":[{"id":5312,"href":"https:\/\/tpfsrl.com\/fr\/wp-json\/wp\/v2\/pages\/5048\/revisions\/5312"}],"wp:featuredmedia":[{"embeddable":true,"href":"https:\/\/tpfsrl.com\/fr\/wp-json\/wp\/v2\/media\/4866"}],"wp:attachment":[{"href":"https:\/\/tpfsrl.com\/fr\/wp-json\/wp\/v2\/media?parent=5048"}],"curies":[{"name":"wp","href":"https:\/\/api.w.org\/{rel}","templated":true}]}}