{"id":6443,"date":"2024-07-04T15:47:52","date_gmt":"2024-07-04T13:47:52","guid":{"rendered":"https:\/\/tpfsrl.com\/politica-della-qualita\/"},"modified":"2025-05-06T16:29:32","modified_gmt":"2025-05-06T14:29:32","slug":"politica-della-qualita","status":"publish","type":"page","link":"https:\/\/tpfsrl.com\/es\/politica-della-qualita\/","title":{"rendered":"Pol\u00edtica de Calidad"},"content":{"rendered":"<p><div class=\"fusion-fullwidth fullwidth-box fusion-builder-row-1 fusion-flex-container has-pattern-background has-mask-background nonhundred-percent-fullwidth non-hundred-percent-height-scrolling\" style=\"--awb-border-radius-top-left:0px;--awb-border-radius-top-right:0px;--awb-border-radius-bottom-right:0px;--awb-border-radius-bottom-left:0px;--awb-padding-bottom:40px;--awb-flex-wrap:wrap;\" ><div class=\"fusion-builder-row fusion-row fusion-flex-align-items-flex-start fusion-flex-justify-content-center fusion-flex-content-wrap\" style=\"max-width:1248px;margin-left: calc(-4% \/ 2 );margin-right: calc(-4% \/ 2 );\"><div class=\"fusion-layout-column fusion_builder_column fusion-builder-column-0 fusion_builder_column_3_4 3_4 fusion-flex-column\" style=\"--awb-bg-size:cover;--awb-width-large:75%;--awb-margin-top-large:0px;--awb-spacing-right-large:0px;--awb-margin-bottom-large:0px;--awb-spacing-left-large:0px;--awb-width-medium:50%;--awb-order-medium:0;--awb-spacing-right-medium:0px;--awb-spacing-left-medium:0px;--awb-width-small:100%;--awb-order-small:0;--awb-spacing-right-small:0px;--awb-spacing-left-small:0px;\" data-scroll-devices=\"medium-visibility,large-visibility\"><div class=\"fusion-column-wrapper fusion-column-has-shadow fusion-flex-justify-content-flex-start fusion-content-layout-column\"><div class=\"fusion-text fusion-text-1 fusion-text-no-margin\" style=\"--awb-content-alignment:center;--awb-letter-spacing:3px;--awb-text-transform:uppercase;--awb-text-color:hsla(var(--awb-color5-h),var(--awb-color5-s),calc(var(--awb-color5-l) + 20%),var(--awb-color5-a));--awb-margin-bottom:0px;\"><p>Calidad<\/p>\n<\/div><div class=\"fusion-title title fusion-title-1 fusion-sep-none fusion-title-center fusion-title-text fusion-title-size-two\" style=\"--awb-margin-top:0px;\"><h2 class=\"fusion-title-heading title-heading-center\" style=\"margin:0;\">Pol\u00edtica de Calidad<\/h2><\/div><div class=\"fusion-title title fusion-title-2 fusion-sep-none fusion-title-center fusion-title-text fusion-title-size-five\" style=\"--awb-margin-top:0px;\"><h5 class=\"fusion-title-heading title-heading-center\" style=\"margin:0;\">Anexo 2 al MDQ | Actualizado el: 30-06-2022<\/h5><\/div><div class=\"fusion-text fusion-text-2\" style=\"--awb-content-alignment:left;\"><p>T.P.F. S.r.l. es consciente de las dificultades y oportunidades que impone el mercado y que, para enfrentar una coyuntura tan compleja como la actual, se requiere una organizaci\u00f3n y un monitoreo de los procesos de manera precisa.<\/p>\n<p>El proceso de toma de decisiones se basa en la recopilaci\u00f3n de informaci\u00f3n, su an\u00e1lisis y la elaboraci\u00f3n de escenarios evolutivos, con el fin de planificar la estrategia empresarial. Por lo tanto, T.P.F. S.r.l. considera de fundamental importancia contar con un sistema organizativo que permita armonizar y controlar sus procesos, as\u00ed como la recopilaci\u00f3n de la informaci\u00f3n derivada de ellos. La gesti\u00f3n se realiza a trav\u00e9s de sistemas inform\u00e1ticos que permiten su archivo y procesamiento para la mejora continua.<\/p>\n<p>Se mantiene el Sistema de Gesti\u00f3n conforme a los est\u00e1ndares internacionales ISO 9001:2015, lo que permite garantizar una mayor eficiencia interna y una mejor disposici\u00f3n para satisfacer las necesidades y expectativas de los Clientes. Operativamente, la calidad de las realizaciones est\u00e1 garantizada mediante el uso de tecnolog\u00edas de construcci\u00f3n y materiales de vanguardia.<\/p>\n<p>Es una firme convicci\u00f3n de la empresa T.P.F. S.R.L. que, a trav\u00e9s de una precisa definici\u00f3n y distribuci\u00f3n de responsabilidades a todos los niveles de la empresa y un uso adecuado de los recursos (personal, tecnolog\u00eda, infraestructuras, medios financieros, conocimientos y metodolog\u00edas), se logre el control adecuado de los procesos empresariales.<\/p>\n<p>La T.P.F. persigue objetivos como:<\/p>\n<ul>\n<li>El orden y la limpieza del entorno de trabajo.<\/li>\n<li>El bienestar del empleado.<\/li>\n<li>Un nivel adecuado de equipos proporcional al tipo de producci\u00f3n.<\/li>\n<\/ul>\n<p>Los esfuerzos realizados para una mejora continua est\u00e1n dirigidos a reforzar la imagen de T.P.F. para consolidarse en un mercado en constante evoluci\u00f3n. El an\u00e1lisis de los resultados constituye la herramienta fundamental para analizar los procesos y seguir la estrategia de mejora continua de la empresa.<\/p>\n<p>El objetivo principal de T.P.F. S.r.l. es perseguir la mejora continua y la satisfacci\u00f3n del cliente, monitoreando y gestionando el crecimiento de la empresa. El objetivo de la Calidad se persigue en plena integraci\u00f3n con los proveedores, ya que la Calidad de los suministros es una parte determinante de la Calidad de la Empresa. En este sentido, la Direcci\u00f3n establece objetivos a corto y medio plazo que se comunican y comparten a todos los niveles de la organizaci\u00f3n.<\/p>\n<\/div><div style=\"text-align:center;\"><a class=\"fusion-button button-flat fusion-button-default-size button-default fusion-button-default button-1 fusion-button-default-span fusion-button-default-type\" style=\"--button_margin-top:20px;\" target=\"_self\" href=\"https:\/\/tpfsrl.com\/wp-content\/uploads\/2024\/07\/Politica-della-Qualita.pdf\"><span class=\"fusion-button-text awb-button__text awb-button__text--default\">Pol\u00edtica de Calidad<\/span><\/a><\/div><\/div><\/div><\/div><\/div><div id=\"certificazioni\" class=\"fusion-container-anchor\"><div class=\"fusion-fullwidth fullwidth-box fusion-builder-row-2 fusion-flex-container has-pattern-background has-mask-background nonhundred-percent-fullwidth non-hundred-percent-height-scrolling\" style=\"--awb-border-radius-top-left:0px;--awb-border-radius-top-right:0px;--awb-border-radius-bottom-right:0px;--awb-border-radius-bottom-left:0px;--awb-padding-top:120px;--awb-padding-bottom:60px;--awb-margin-bottom:60px;--awb-background-color:#f7f7f7;--awb-flex-wrap:wrap;\" ><div class=\"fusion-builder-row fusion-row fusion-flex-align-items-flex-start fusion-flex-justify-content-center fusion-flex-content-wrap\" style=\"max-width:1248px;margin-left: calc(-4% \/ 2 );margin-right: calc(-4% \/ 2 );\"><div class=\"fusion-layout-column fusion_builder_column fusion-builder-column-1 fusion_builder_column_3_4 3_4 fusion-flex-column\" style=\"--awb-bg-size:cover;--awb-width-large:75%;--awb-margin-top-large:0px;--awb-spacing-right-large:0px;--awb-margin-bottom-large:0px;--awb-spacing-left-large:0px;--awb-width-medium:75%;--awb-order-medium:0;--awb-spacing-right-medium:0px;--awb-spacing-left-medium:0px;--awb-width-small:100%;--awb-order-small:0;--awb-spacing-right-small:1.92%;--awb-spacing-left-small:1.92%;\" data-scroll-devices=\"small-visibility,medium-visibility,large-visibility\"><div class=\"fusion-column-wrapper fusion-column-has-shadow fusion-flex-justify-content-flex-start fusion-content-layout-column\"><div class=\"fusion-text fusion-text-3 fusion-text-no-margin\" style=\"--awb-content-alignment:center;--awb-letter-spacing:3px;--awb-text-transform:uppercase;--awb-text-color:hsla(var(--awb-color5-h),var(--awb-color5-s),calc(var(--awb-color5-l) + 20%),var(--awb-color5-a));--awb-margin-bottom:0px;\"><p>Garant\u00edas de calidad<\/p>\n<\/div><div class=\"fusion-title title fusion-title-3 fusion-sep-none fusion-title-center fusion-title-text fusion-title-size-two\" style=\"--awb-margin-top:0px;--awb-margin-bottom:0px;\"><h2 class=\"fusion-title-heading title-heading-center\" style=\"margin:0;\">Certificaciones<\/h2><\/div><div class=\"fusion-text fusion-text-4\" style=\"--awb-content-alignment:center;\"><p>El sistema de gesti\u00f3n de calidad de nuestra empresa est\u00e1 certificado seg\u00fan la norma UNI En. ISO 9001 y la norma UNI EN ISO 14001:2015.<\/p>\n<\/div><\/div><\/div><div class=\"fusion-layout-column fusion_builder_column fusion-builder-column-2 fusion_builder_column_1_1 1_1 fusion-flex-column\" style=\"--awb-bg-size:cover;--awb-width-large:100%;--awb-margin-top-large:0px;--awb-spacing-right-large:0px;--awb-margin-bottom-large:0px;--awb-spacing-left-large:0px;--awb-width-medium:100%;--awb-order-medium:0;--awb-spacing-right-medium:0px;--awb-spacing-left-medium:0px;--awb-width-small:100%;--awb-order-small:0;--awb-spacing-right-small:1.92%;--awb-spacing-left-small:1.92%;\" data-scroll-devices=\"small-visibility,medium-visibility,large-visibility\"><div class=\"fusion-column-wrapper fusion-column-has-shadow fusion-flex-justify-content-center fusion-content-layout-row fusion-flex-align-items-center\"><div class=\"fusion-image-element \" style=\"text-align:left;--awb-margin-top:20px;--awb-margin-right:20px;--awb-margin-bottom:20px;--awb-margin-left:20px;--awb-max-width:120px;--awb-caption-title-font-family:var(--h2_typography-font-family);--awb-caption-title-font-weight:var(--h2_typography-font-weight);--awb-caption-title-font-style:var(--h2_typography-font-style);--awb-caption-title-size:var(--h2_typography-font-size);--awb-caption-title-transform:var(--h2_typography-text-transform);--awb-caption-title-line-height:var(--h2_typography-line-height);--awb-caption-title-letter-spacing:var(--h2_typography-letter-spacing);\"><span class=\" fusion-imageframe imageframe-none imageframe-1 hover-type-none\"><img decoding=\"async\" width=\"500\" height=\"500\" title=\"ISO 14001-02\" src=\"https:\/\/tpfsrl.com\/wp-content\/uploads\/2024\/04\/ISO-14001-02.png\" alt class=\"img-responsive wp-image-6353\" srcset=\"https:\/\/tpfsrl.com\/wp-content\/uploads\/2024\/04\/ISO-14001-02-200x200.png 200w, https:\/\/tpfsrl.com\/wp-content\/uploads\/2024\/04\/ISO-14001-02-400x400.png 400w, https:\/\/tpfsrl.com\/wp-content\/uploads\/2024\/04\/ISO-14001-02.png 500w\" sizes=\"(max-width: 800px) 100vw, 500px\" \/><\/span><\/div><div class=\"fusion-image-element \" style=\"text-align:right;--awb-margin-top:20px;--awb-margin-right:20px;--awb-margin-bottom:20px;--awb-margin-left:20px;--awb-max-width:120px;--awb-caption-title-font-family:var(--h2_typography-font-family);--awb-caption-title-font-weight:var(--h2_typography-font-weight);--awb-caption-title-font-style:var(--h2_typography-font-style);--awb-caption-title-size:var(--h2_typography-font-size);--awb-caption-title-transform:var(--h2_typography-text-transform);--awb-caption-title-line-height:var(--h2_typography-line-height);--awb-caption-title-letter-spacing:var(--h2_typography-letter-spacing);\"><span class=\" fusion-imageframe imageframe-none imageframe-2 hover-type-none\"><a class=\"fusion-no-lightbox\" href=\"https:\/\/tpfsrl.com\/wp-content\/uploads\/2024\/07\/Certificate-IT329930_T.P.F.-S.R.L-ISO-9001-REV1.pdf\" target=\"_self\" aria-label=\"ISO 9001\"><img decoding=\"async\" width=\"500\" height=\"500\" src=\"https:\/\/tpfsrl.com\/wp-content\/uploads\/2024\/04\/ISO-9001.png\" alt class=\"img-responsive wp-image-6354\" srcset=\"https:\/\/tpfsrl.com\/wp-content\/uploads\/2024\/04\/ISO-9001-200x200.png 200w, https:\/\/tpfsrl.com\/wp-content\/uploads\/2024\/04\/ISO-9001-400x400.png 400w, https:\/\/tpfsrl.com\/wp-content\/uploads\/2024\/04\/ISO-9001.png 500w\" sizes=\"(max-width: 800px) 100vw, 500px\" \/><\/a><\/span><\/div><\/div><\/div><\/div><\/div><\/div><\/p>\n","protected":false},"excerpt":{"rendered":"","protected":false},"author":1,"featured_media":6352,"parent":0,"menu_order":0,"comment_status":"closed","ping_status":"closed","template":"100-width.php","meta":{"_acf_changed":false,"footnotes":""},"class_list":["post-6443","page","type-page","status-publish","has-post-thumbnail","hentry"],"acf":[],"yoast_head":"<!-- This site is optimized with the Yoast SEO plugin v27.2 - https:\/\/yoast.com\/product\/yoast-seo-wordpress\/ -->\n<title>La nostra azienda - T.P.F. srl<\/title>\n<meta name=\"description\" content=\"Scopri T.P.F. specialisti in strutture modulari personalizzate e lavorazioni meccaniche di precisione, qualit\u00e0 certificata ISO 9001 e 14001\" \/>\n<meta name=\"robots\" content=\"index, follow, max-snippet:-1, max-image-preview:large, max-video-preview:-1\" \/>\n<link rel=\"canonical\" href=\"https:\/\/tpfsrl.com\/es\/politica-della-qualita\/\" \/>\n<meta property=\"og:locale\" content=\"es_ES\" \/>\n<meta property=\"og:type\" content=\"article\" \/>\n<meta property=\"og:title\" content=\"La nostra azienda - T.P.F. srl\" \/>\n<meta property=\"og:description\" content=\"Scopri T.P.F. specialisti in strutture modulari personalizzate e lavorazioni meccaniche di precisione, qualit\u00e0 certificata ISO 9001 e 14001\" \/>\n<meta property=\"og:url\" content=\"https:\/\/tpfsrl.com\/es\/politica-della-qualita\/\" \/>\n<meta property=\"og:site_name\" content=\"T.P.F. srl\" \/>\n<meta property=\"article:publisher\" content=\"https:\/\/www.facebook.com\/profile.php?id=61558559935378\" \/>\n<meta property=\"article:modified_time\" content=\"2025-05-06T14:29:32+00:00\" \/>\n<meta property=\"og:image\" content=\"https:\/\/tpfsrl.com\/wp-content\/uploads\/2024\/04\/Azienda-TPF.jpg\" \/>\n\t<meta property=\"og:image:width\" content=\"1920\" \/>\n\t<meta property=\"og:image:height\" content=\"1080\" \/>\n\t<meta property=\"og:image:type\" content=\"image\/jpeg\" \/>\n<meta name=\"twitter:card\" content=\"summary_large_image\" \/>\n<meta name=\"twitter:label1\" content=\"Tiempo de lectura\" \/>\n\t<meta name=\"twitter:data1\" content=\"3 minutos\" \/>\n<script type=\"application\/ld+json\" class=\"yoast-schema-graph\">{\"@context\":\"https:\/\/schema.org\",\"@graph\":[{\"@type\":\"WebPage\",\"@id\":\"https:\/\/tpfsrl.com\/es\/politica-della-qualita\/\",\"url\":\"https:\/\/tpfsrl.com\/es\/politica-della-qualita\/\",\"name\":\"La nostra azienda - T.P.F. srl\",\"isPartOf\":{\"@id\":\"https:\/\/tpfsrl.com\/es\/#website\"},\"primaryImageOfPage\":{\"@id\":\"https:\/\/tpfsrl.com\/es\/politica-della-qualita\/#primaryimage\"},\"image\":{\"@id\":\"https:\/\/tpfsrl.com\/es\/politica-della-qualita\/#primaryimage\"},\"thumbnailUrl\":\"https:\/\/tpfsrl.com\/wp-content\/uploads\/2024\/04\/Azienda-TPF.jpg\",\"datePublished\":\"2024-07-04T13:47:52+00:00\",\"dateModified\":\"2025-05-06T14:29:32+00:00\",\"description\":\"Scopri T.P.F. specialisti in strutture modulari personalizzate e lavorazioni meccaniche di precisione, qualit\u00e0 certificata ISO 9001 e 14001\",\"breadcrumb\":{\"@id\":\"https:\/\/tpfsrl.com\/es\/politica-della-qualita\/#breadcrumb\"},\"inLanguage\":\"es\",\"potentialAction\":[{\"@type\":\"ReadAction\",\"target\":[\"https:\/\/tpfsrl.com\/es\/politica-della-qualita\/\"]}]},{\"@type\":\"ImageObject\",\"inLanguage\":\"es\",\"@id\":\"https:\/\/tpfsrl.com\/es\/politica-della-qualita\/#primaryimage\",\"url\":\"https:\/\/tpfsrl.com\/wp-content\/uploads\/2024\/04\/Azienda-TPF.jpg\",\"contentUrl\":\"https:\/\/tpfsrl.com\/wp-content\/uploads\/2024\/04\/Azienda-TPF.jpg\",\"width\":1920,\"height\":1080},{\"@type\":\"BreadcrumbList\",\"@id\":\"https:\/\/tpfsrl.com\/es\/politica-della-qualita\/#breadcrumb\",\"itemListElement\":[{\"@type\":\"ListItem\",\"position\":1,\"name\":\"Home\",\"item\":\"https:\/\/tpfsrl.com\/es\/\"},{\"@type\":\"ListItem\",\"position\":2,\"name\":\"Pol\u00edtica de Calidad\"}]},{\"@type\":\"WebSite\",\"@id\":\"https:\/\/tpfsrl.com\/es\/#website\",\"url\":\"https:\/\/tpfsrl.com\/es\/\",\"name\":\"T.P.F. Srl\",\"description\":\"For more than two decades at T.P.F. we have been making custom products by shaping our customers&#039; designs.\",\"publisher\":{\"@id\":\"https:\/\/tpfsrl.com\/es\/#organization\"},\"alternateName\":\"TPF S.r.l.\",\"potentialAction\":[{\"@type\":\"SearchAction\",\"target\":{\"@type\":\"EntryPoint\",\"urlTemplate\":\"https:\/\/tpfsrl.com\/es\/?s={search_term_string}\"},\"query-input\":{\"@type\":\"PropertyValueSpecification\",\"valueRequired\":true,\"valueName\":\"search_term_string\"}}],\"inLanguage\":\"es\"},{\"@type\":\"Organization\",\"@id\":\"https:\/\/tpfsrl.com\/es\/#organization\",\"name\":\"T.P.F. srl\",\"alternateName\":\"TPF S.r.l.\",\"url\":\"https:\/\/tpfsrl.com\/es\/\",\"logo\":{\"@type\":\"ImageObject\",\"inLanguage\":\"es\",\"@id\":\"https:\/\/tpfsrl.com\/es\/#\/schema\/logo\/image\/\",\"url\":\"https:\/\/tpfsrl.com\/wp-content\/uploads\/2024\/04\/Logo-TPF-01.png\",\"contentUrl\":\"https:\/\/tpfsrl.com\/wp-content\/uploads\/2024\/04\/Logo-TPF-01.png\",\"width\":242,\"height\":100,\"caption\":\"T.P.F. srl\"},\"image\":{\"@id\":\"https:\/\/tpfsrl.com\/es\/#\/schema\/logo\/image\/\"},\"sameAs\":[\"https:\/\/www.facebook.com\/profile.php?id=61558559935378\",\"https:\/\/www.instagram.com\/tpfsrl\/\",\"https:\/\/www.youtube.com\/@TPFsrl\",\"https:\/\/www.linkedin.com\/company\/tpfsrl\/?viewAsMember=true\"]}]}<\/script>\n<!-- \/ Yoast SEO plugin. -->","yoast_head_json":{"title":"La nostra azienda - T.P.F. srl","description":"Scopri T.P.F. specialisti in strutture modulari personalizzate e lavorazioni meccaniche di precisione, qualit\u00e0 certificata ISO 9001 e 14001","robots":{"index":"index","follow":"follow","max-snippet":"max-snippet:-1","max-image-preview":"max-image-preview:large","max-video-preview":"max-video-preview:-1"},"canonical":"https:\/\/tpfsrl.com\/es\/politica-della-qualita\/","og_locale":"es_ES","og_type":"article","og_title":"La nostra azienda - T.P.F. srl","og_description":"Scopri T.P.F. specialisti in strutture modulari personalizzate e lavorazioni meccaniche di precisione, qualit\u00e0 certificata ISO 9001 e 14001","og_url":"https:\/\/tpfsrl.com\/es\/politica-della-qualita\/","og_site_name":"T.P.F. srl","article_publisher":"https:\/\/www.facebook.com\/profile.php?id=61558559935378","article_modified_time":"2025-05-06T14:29:32+00:00","og_image":[{"width":1920,"height":1080,"url":"https:\/\/tpfsrl.com\/wp-content\/uploads\/2024\/04\/Azienda-TPF.jpg","type":"image\/jpeg"}],"twitter_card":"summary_large_image","twitter_misc":{"Tiempo de lectura":"3 minutos"},"schema":{"@context":"https:\/\/schema.org","@graph":[{"@type":"WebPage","@id":"https:\/\/tpfsrl.com\/es\/politica-della-qualita\/","url":"https:\/\/tpfsrl.com\/es\/politica-della-qualita\/","name":"La nostra azienda - T.P.F. srl","isPartOf":{"@id":"https:\/\/tpfsrl.com\/es\/#website"},"primaryImageOfPage":{"@id":"https:\/\/tpfsrl.com\/es\/politica-della-qualita\/#primaryimage"},"image":{"@id":"https:\/\/tpfsrl.com\/es\/politica-della-qualita\/#primaryimage"},"thumbnailUrl":"https:\/\/tpfsrl.com\/wp-content\/uploads\/2024\/04\/Azienda-TPF.jpg","datePublished":"2024-07-04T13:47:52+00:00","dateModified":"2025-05-06T14:29:32+00:00","description":"Scopri T.P.F. specialisti in strutture modulari personalizzate e lavorazioni meccaniche di precisione, qualit\u00e0 certificata ISO 9001 e 14001","breadcrumb":{"@id":"https:\/\/tpfsrl.com\/es\/politica-della-qualita\/#breadcrumb"},"inLanguage":"es","potentialAction":[{"@type":"ReadAction","target":["https:\/\/tpfsrl.com\/es\/politica-della-qualita\/"]}]},{"@type":"ImageObject","inLanguage":"es","@id":"https:\/\/tpfsrl.com\/es\/politica-della-qualita\/#primaryimage","url":"https:\/\/tpfsrl.com\/wp-content\/uploads\/2024\/04\/Azienda-TPF.jpg","contentUrl":"https:\/\/tpfsrl.com\/wp-content\/uploads\/2024\/04\/Azienda-TPF.jpg","width":1920,"height":1080},{"@type":"BreadcrumbList","@id":"https:\/\/tpfsrl.com\/es\/politica-della-qualita\/#breadcrumb","itemListElement":[{"@type":"ListItem","position":1,"name":"Home","item":"https:\/\/tpfsrl.com\/es\/"},{"@type":"ListItem","position":2,"name":"Pol\u00edtica de Calidad"}]},{"@type":"WebSite","@id":"https:\/\/tpfsrl.com\/es\/#website","url":"https:\/\/tpfsrl.com\/es\/","name":"T.P.F. Srl","description":"For more than two decades at T.P.F. we have been making custom products by shaping our customers&#039; designs.","publisher":{"@id":"https:\/\/tpfsrl.com\/es\/#organization"},"alternateName":"TPF S.r.l.","potentialAction":[{"@type":"SearchAction","target":{"@type":"EntryPoint","urlTemplate":"https:\/\/tpfsrl.com\/es\/?s={search_term_string}"},"query-input":{"@type":"PropertyValueSpecification","valueRequired":true,"valueName":"search_term_string"}}],"inLanguage":"es"},{"@type":"Organization","@id":"https:\/\/tpfsrl.com\/es\/#organization","name":"T.P.F. srl","alternateName":"TPF S.r.l.","url":"https:\/\/tpfsrl.com\/es\/","logo":{"@type":"ImageObject","inLanguage":"es","@id":"https:\/\/tpfsrl.com\/es\/#\/schema\/logo\/image\/","url":"https:\/\/tpfsrl.com\/wp-content\/uploads\/2024\/04\/Logo-TPF-01.png","contentUrl":"https:\/\/tpfsrl.com\/wp-content\/uploads\/2024\/04\/Logo-TPF-01.png","width":242,"height":100,"caption":"T.P.F. srl"},"image":{"@id":"https:\/\/tpfsrl.com\/es\/#\/schema\/logo\/image\/"},"sameAs":["https:\/\/www.facebook.com\/profile.php?id=61558559935378","https:\/\/www.instagram.com\/tpfsrl\/","https:\/\/www.youtube.com\/@TPFsrl","https:\/\/www.linkedin.com\/company\/tpfsrl\/?viewAsMember=true"]}]}},"_links":{"self":[{"href":"https:\/\/tpfsrl.com\/es\/wp-json\/wp\/v2\/pages\/6443","targetHints":{"allow":["GET"]}}],"collection":[{"href":"https:\/\/tpfsrl.com\/es\/wp-json\/wp\/v2\/pages"}],"about":[{"href":"https:\/\/tpfsrl.com\/es\/wp-json\/wp\/v2\/types\/page"}],"author":[{"embeddable":true,"href":"https:\/\/tpfsrl.com\/es\/wp-json\/wp\/v2\/users\/1"}],"replies":[{"embeddable":true,"href":"https:\/\/tpfsrl.com\/es\/wp-json\/wp\/v2\/comments?post=6443"}],"version-history":[{"count":3,"href":"https:\/\/tpfsrl.com\/es\/wp-json\/wp\/v2\/pages\/6443\/revisions"}],"predecessor-version":[{"id":6446,"href":"https:\/\/tpfsrl.com\/es\/wp-json\/wp\/v2\/pages\/6443\/revisions\/6446"}],"wp:featuredmedia":[{"embeddable":true,"href":"https:\/\/tpfsrl.com\/es\/wp-json\/wp\/v2\/media\/6352"}],"wp:attachment":[{"href":"https:\/\/tpfsrl.com\/es\/wp-json\/wp\/v2\/media?parent=6443"}],"curies":[{"name":"wp","href":"https:\/\/api.w.org\/{rel}","templated":true}]}}